{"id":16266,"date":"2025-11-24T10:35:50","date_gmt":"2025-11-24T10:35:50","guid":{"rendered":"https:\/\/edusetpt.com\/produto\/conversation-classes\/"},"modified":"2026-01-16T16:19:01","modified_gmt":"2026-01-16T16:19:01","slug":"aulas-de-conversacao","status":"publish","type":"product","link":"https:\/\/edusetpt.com\/pt-pt\/produto\/aulas-de-conversacao\/","title":{"rendered":"Aulas de conversa\u00e7\u00e3o"},"content":{"rendered":"","protected":false},"excerpt":{"rendered":"<div class=\"wd-plan-feature\">\n<div class=\"wd-plan-feature\">\n<h5><strong>Ideal se voc\u00ea j\u00e1 sabe portugu\u00eas, mas precisa praticar<\/strong><\/h5>\n<p>\ud83d\udcda Grupos pequenos<br \/>\n\ud83d\udc69\u200d\ud83c\udfeb Aulas semanais<br \/>\n\ud83c\udfc5Simula\u00e7\u00e3o de situa\u00e7\u00f5es da vida real \/ T\u00e9cnicas\/dicas de pron\u00fancia<\/p>\n<\/div>\n<div><\/div>\n<h3><\/h3>\n<h3><a href=\"\/#contacts\" target=\"_blank\" rel=\"noopener\"><span style=\"text-decoration: underline;\">Valor sob consulta<\/span><\/a><\/h3>\n<\/div>\n","protected":false},"featured_media":16177,"comment_status":"open","ping_status":"closed","template":"","meta":[],"product_brand":[],"product_cat":[97,98],"product_tag":[],"class_list":{"0":"post-16266","1":"product","2":"type-product","3":"status-publish","4":"has-post-thumbnail","6":"product_cat-cursos","7":"product_cat-cursos-de-portugues","9":"first","10":"instock","11":"shipping-taxable","12":"product-type-simple"},"yoast_head":"<!-- This site is optimized with the Yoast SEO plugin v26.4 - https:\/\/yoast.com\/wordpress\/plugins\/seo\/ -->\n<title>Aulas de conversa\u00e7\u00e3o - EduSetPT<\/title>\n<meta name=\"description\" content=\"Can&#039;t commit to daily Portuguese classes? Our tailored courses offer complete flexibility. Maximum 4 students. A2 certification for nationality application\" \/>\n<meta name=\"robots\" content=\"index, follow, max-snippet:-1, max-image-preview:large, max-video-preview:-1\" \/>\n<link rel=\"canonical\" href=\"https:\/\/edusetpt.com\/pt-pt\/produto\/aulas-de-conversacao\/\" \/>\n<meta property=\"og:locale\" content=\"pt_PT\" \/>\n<meta property=\"og:type\" content=\"article\" \/>\n<meta property=\"og:title\" content=\"Aulas de conversa\u00e7\u00e3o - EduSetPT\" \/>\n<meta property=\"og:description\" content=\"Can&#039;t commit to daily Portuguese classes? Our tailored courses offer complete flexibility. Maximum 4 students. A2 certification for nationality application\" \/>\n<meta property=\"og:url\" content=\"https:\/\/edusetpt.com\/pt-pt\/produto\/aulas-de-conversacao\/\" \/>\n<meta property=\"og:site_name\" content=\"EduSetPT\" \/>\n<meta property=\"article:modified_time\" content=\"2026-01-16T16:19:01+00:00\" \/>\n<meta property=\"og:image\" content=\"https:\/\/edusetpt.com\/wp-content\/uploads\/2025\/11\/Design-sem-nome-2025-11-24T103529.347.jpg\" \/>\n\t<meta property=\"og:image:width\" content=\"625\" \/>\n\t<meta property=\"og:image:height\" content=\"625\" \/>\n\t<meta property=\"og:image:type\" content=\"image\/jpeg\" \/>\n<meta name=\"twitter:card\" content=\"summary_large_image\" \/>\n<meta name=\"twitter:label1\" content=\"Tempo estimado de leitura\" \/>\n\t<meta name=\"twitter:data1\" content=\"1 minuto\" \/>\n<script type=\"application\/ld+json\" class=\"yoast-schema-graph\">{\"@context\":\"https:\/\/schema.org\",\"@graph\":[{\"@type\":\"WebPage\",\"@id\":\"https:\/\/edusetpt.com\/pt-pt\/produto\/aulas-de-conversacao\/\",\"url\":\"https:\/\/edusetpt.com\/pt-pt\/produto\/aulas-de-conversacao\/\",\"name\":\"Aulas de conversa\u00e7\u00e3o - EduSetPT\",\"isPartOf\":{\"@id\":\"https:\/\/edusetpt.com\/pt-pt\/#website\"},\"primaryImageOfPage\":{\"@id\":\"https:\/\/edusetpt.com\/pt-pt\/produto\/aulas-de-conversacao\/#primaryimage\"},\"image\":{\"@id\":\"https:\/\/edusetpt.com\/pt-pt\/produto\/aulas-de-conversacao\/#primaryimage\"},\"thumbnailUrl\":\"https:\/\/edusetpt.com\/wp-content\/uploads\/2025\/11\/Design-sem-nome-2025-11-24T103529.347.jpg\",\"datePublished\":\"2025-11-24T10:35:50+00:00\",\"dateModified\":\"2026-01-16T16:19:01+00:00\",\"description\":\"Can't commit to daily Portuguese classes? Our tailored courses offer complete flexibility. Maximum 4 students. A2 certification for nationality application\",\"breadcrumb\":{\"@id\":\"https:\/\/edusetpt.com\/pt-pt\/produto\/aulas-de-conversacao\/#breadcrumb\"},\"inLanguage\":\"pt-PT\",\"potentialAction\":[{\"@type\":\"ReadAction\",\"target\":[\"https:\/\/edusetpt.com\/pt-pt\/produto\/aulas-de-conversacao\/\"]}]},{\"@type\":\"ImageObject\",\"inLanguage\":\"pt-PT\",\"@id\":\"https:\/\/edusetpt.com\/pt-pt\/produto\/aulas-de-conversacao\/#primaryimage\",\"url\":\"https:\/\/edusetpt.com\/wp-content\/uploads\/2025\/11\/Design-sem-nome-2025-11-24T103529.347.jpg\",\"contentUrl\":\"https:\/\/edusetpt.com\/wp-content\/uploads\/2025\/11\/Design-sem-nome-2025-11-24T103529.347.jpg\",\"width\":625,\"height\":625},{\"@type\":\"BreadcrumbList\",\"@id\":\"https:\/\/edusetpt.com\/pt-pt\/produto\/aulas-de-conversacao\/#breadcrumb\",\"itemListElement\":[{\"@type\":\"ListItem\",\"position\":1,\"name\":\"Home\",\"item\":\"https:\/\/edusetpt.com\/pt-pt\/\"},{\"@type\":\"ListItem\",\"position\":2,\"name\":\"Cursos\",\"item\":\"https:\/\/edusetpt.com\/pt-pt\/cursos\/\"},{\"@type\":\"ListItem\",\"position\":3,\"name\":\"Aulas de conversa\u00e7\u00e3o\"}]},{\"@type\":\"WebSite\",\"@id\":\"https:\/\/edusetpt.com\/pt-pt\/#website\",\"url\":\"https:\/\/edusetpt.com\/pt-pt\/\",\"name\":\"EduSetPT\",\"description\":\"Course&#039;s Center\",\"publisher\":{\"@id\":\"https:\/\/edusetpt.com\/pt-pt\/#organization\"},\"potentialAction\":[{\"@type\":\"SearchAction\",\"target\":{\"@type\":\"EntryPoint\",\"urlTemplate\":\"https:\/\/edusetpt.com\/pt-pt\/?s={search_term_string}\"},\"query-input\":{\"@type\":\"PropertyValueSpecification\",\"valueRequired\":true,\"valueName\":\"search_term_string\"}}],\"inLanguage\":\"pt-PT\"},{\"@type\":\"Organization\",\"@id\":\"https:\/\/edusetpt.com\/pt-pt\/#organization\",\"name\":\"EduSetPT\",\"alternateName\":\"Portuguese Language Courses\",\"url\":\"https:\/\/edusetpt.com\/pt-pt\/\",\"logo\":{\"@type\":\"ImageObject\",\"inLanguage\":\"pt-PT\",\"@id\":\"https:\/\/edusetpt.com\/pt-pt\/#\/schema\/logo\/image\/\",\"url\":\"https:\/\/edusetpt.com\/wp-content\/uploads\/2025\/04\/Prancheta-1.png\",\"contentUrl\":\"https:\/\/edusetpt.com\/wp-content\/uploads\/2025\/04\/Prancheta-1.png\",\"width\":251,\"height\":251,\"caption\":\"EduSetPT\"},\"image\":{\"@id\":\"https:\/\/edusetpt.com\/pt-pt\/#\/schema\/logo\/image\/\"}}]}<\/script>\n<!-- \/ Yoast SEO plugin. -->","yoast_head_json":{"title":"Aulas de conversa\u00e7\u00e3o - EduSetPT","description":"Can't commit to daily Portuguese classes? Our tailored courses offer complete flexibility. Maximum 4 students. A2 certification for nationality application","robots":{"index":"index","follow":"follow","max-snippet":"max-snippet:-1","max-image-preview":"max-image-preview:large","max-video-preview":"max-video-preview:-1"},"canonical":"https:\/\/edusetpt.com\/pt-pt\/produto\/aulas-de-conversacao\/","og_locale":"pt_PT","og_type":"article","og_title":"Aulas de conversa\u00e7\u00e3o - EduSetPT","og_description":"Can't commit to daily Portuguese classes? Our tailored courses offer complete flexibility. Maximum 4 students. A2 certification for nationality application","og_url":"https:\/\/edusetpt.com\/pt-pt\/produto\/aulas-de-conversacao\/","og_site_name":"EduSetPT","article_modified_time":"2026-01-16T16:19:01+00:00","og_image":[{"width":625,"height":625,"url":"https:\/\/edusetpt.com\/wp-content\/uploads\/2025\/11\/Design-sem-nome-2025-11-24T103529.347.jpg","type":"image\/jpeg"}],"twitter_card":"summary_large_image","twitter_misc":{"Tempo estimado de leitura":"1 minuto"},"schema":{"@context":"https:\/\/schema.org","@graph":[{"@type":"WebPage","@id":"https:\/\/edusetpt.com\/pt-pt\/produto\/aulas-de-conversacao\/","url":"https:\/\/edusetpt.com\/pt-pt\/produto\/aulas-de-conversacao\/","name":"Aulas de conversa\u00e7\u00e3o - EduSetPT","isPartOf":{"@id":"https:\/\/edusetpt.com\/pt-pt\/#website"},"primaryImageOfPage":{"@id":"https:\/\/edusetpt.com\/pt-pt\/produto\/aulas-de-conversacao\/#primaryimage"},"image":{"@id":"https:\/\/edusetpt.com\/pt-pt\/produto\/aulas-de-conversacao\/#primaryimage"},"thumbnailUrl":"https:\/\/edusetpt.com\/wp-content\/uploads\/2025\/11\/Design-sem-nome-2025-11-24T103529.347.jpg","datePublished":"2025-11-24T10:35:50+00:00","dateModified":"2026-01-16T16:19:01+00:00","description":"Can't commit to daily Portuguese classes? Our tailored courses offer complete flexibility. Maximum 4 students. A2 certification for nationality application","breadcrumb":{"@id":"https:\/\/edusetpt.com\/pt-pt\/produto\/aulas-de-conversacao\/#breadcrumb"},"inLanguage":"pt-PT","potentialAction":[{"@type":"ReadAction","target":["https:\/\/edusetpt.com\/pt-pt\/produto\/aulas-de-conversacao\/"]}]},{"@type":"ImageObject","inLanguage":"pt-PT","@id":"https:\/\/edusetpt.com\/pt-pt\/produto\/aulas-de-conversacao\/#primaryimage","url":"https:\/\/edusetpt.com\/wp-content\/uploads\/2025\/11\/Design-sem-nome-2025-11-24T103529.347.jpg","contentUrl":"https:\/\/edusetpt.com\/wp-content\/uploads\/2025\/11\/Design-sem-nome-2025-11-24T103529.347.jpg","width":625,"height":625},{"@type":"BreadcrumbList","@id":"https:\/\/edusetpt.com\/pt-pt\/produto\/aulas-de-conversacao\/#breadcrumb","itemListElement":[{"@type":"ListItem","position":1,"name":"Home","item":"https:\/\/edusetpt.com\/pt-pt\/"},{"@type":"ListItem","position":2,"name":"Cursos","item":"https:\/\/edusetpt.com\/pt-pt\/cursos\/"},{"@type":"ListItem","position":3,"name":"Aulas de conversa\u00e7\u00e3o"}]},{"@type":"WebSite","@id":"https:\/\/edusetpt.com\/pt-pt\/#website","url":"https:\/\/edusetpt.com\/pt-pt\/","name":"EduSetPT","description":"Course&#039;s Center","publisher":{"@id":"https:\/\/edusetpt.com\/pt-pt\/#organization"},"potentialAction":[{"@type":"SearchAction","target":{"@type":"EntryPoint","urlTemplate":"https:\/\/edusetpt.com\/pt-pt\/?s={search_term_string}"},"query-input":{"@type":"PropertyValueSpecification","valueRequired":true,"valueName":"search_term_string"}}],"inLanguage":"pt-PT"},{"@type":"Organization","@id":"https:\/\/edusetpt.com\/pt-pt\/#organization","name":"EduSetPT","alternateName":"Portuguese Language Courses","url":"https:\/\/edusetpt.com\/pt-pt\/","logo":{"@type":"ImageObject","inLanguage":"pt-PT","@id":"https:\/\/edusetpt.com\/pt-pt\/#\/schema\/logo\/image\/","url":"https:\/\/edusetpt.com\/wp-content\/uploads\/2025\/04\/Prancheta-1.png","contentUrl":"https:\/\/edusetpt.com\/wp-content\/uploads\/2025\/04\/Prancheta-1.png","width":251,"height":251,"caption":"EduSetPT"},"image":{"@id":"https:\/\/edusetpt.com\/pt-pt\/#\/schema\/logo\/image\/"}}]}},"_links":{"self":[{"href":"https:\/\/edusetpt.com\/pt-pt\/wp-json\/wp\/v2\/product\/16266","targetHints":{"allow":["GET"]}}],"collection":[{"href":"https:\/\/edusetpt.com\/pt-pt\/wp-json\/wp\/v2\/product"}],"about":[{"href":"https:\/\/edusetpt.com\/pt-pt\/wp-json\/wp\/v2\/types\/product"}],"replies":[{"embeddable":true,"href":"https:\/\/edusetpt.com\/pt-pt\/wp-json\/wp\/v2\/comments?post=16266"}],"version-history":[{"count":1,"href":"https:\/\/edusetpt.com\/pt-pt\/wp-json\/wp\/v2\/product\/16266\/revisions"}],"predecessor-version":[{"id":16268,"href":"https:\/\/edusetpt.com\/pt-pt\/wp-json\/wp\/v2\/product\/16266\/revisions\/16268"}],"wp:featuredmedia":[{"embeddable":true,"href":"https:\/\/edusetpt.com\/pt-pt\/wp-json\/wp\/v2\/media\/16177"}],"wp:attachment":[{"href":"https:\/\/edusetpt.com\/pt-pt\/wp-json\/wp\/v2\/media?parent=16266"}],"wp:term":[{"taxonomy":"product_brand","embeddable":true,"href":"https:\/\/edusetpt.com\/pt-pt\/wp-json\/wp\/v2\/product_brand?post=16266"},{"taxonomy":"product_cat","embeddable":true,"href":"https:\/\/edusetpt.com\/pt-pt\/wp-json\/wp\/v2\/product_cat?post=16266"},{"taxonomy":"product_tag","embeddable":true,"href":"https:\/\/edusetpt.com\/pt-pt\/wp-json\/wp\/v2\/product_tag?post=16266"}],"curies":[{"name":"wp","href":"https:\/\/api.w.org\/{rel}","templated":true}]}}