{"id":16241,"date":"2025-05-14T11:01:06","date_gmt":"2025-05-14T11:01:06","guid":{"rendered":"https:\/\/edusetpt.com\/arbitrary-center\/"},"modified":"2026-01-16T16:07:14","modified_gmt":"2026-01-16T16:07:14","slug":"centro-de-arbitragem","status":"publish","type":"page","link":"https:\/\/edusetpt.com\/pt-pt\/centro-de-arbitragem\/","title":{"rendered":"Centro de Arbitragem"},"content":{"rendered":"\t\t<div data-elementor-type=\"wp-page\" data-elementor-id=\"16241\" class=\"elementor elementor-16241 elementor-15848\">\n\t\t\t\t<div class=\"wd-negative-gap elementor-element elementor-element-fefaa00 e-flex e-con-boxed e-con e-parent\" data-id=\"fefaa00\" data-element_type=\"container\">\n\t\t\t\t\t<div class=\"e-con-inner\">\n\t\t\t\t<div class=\"elementor-element elementor-element-09b3cc1 color-scheme-inherit text-left elementor-widget elementor-widget-text-editor\" data-id=\"09b3cc1\" data-element_type=\"widget\" data-widget_type=\"text-editor.default\">\n\t\t\t\t<div class=\"elementor-widget-container\">\n\t\t\t\t\t\t\t\t\t<p>Em caso de lit\u00edgio, o consumidor pode recorrer a uma Entidade Alternativa de Resolu\u00e7\u00e3o de Lit\u00edgios de Consumo.<\/p><p>Pode consultar a lista de entidades aqui <a href=\"https:\/\/www.consumidor.gov.pt\/parceiros\/sistema-de-defesa-do-consumidor\/entidades-de-resolucao-alternativa-de-litigios-de-consumo\/ral-mapa-e-lista-de-entidades.aspx\" target=\"_blank\" rel=\"noopener\">https:\/\/www.consumidor.gov.pt\/parceiros\/sistema-de-defesa-do-consumidor\/entidades-de-resolucao-alternativa-de-litigios-de-consumo\/ral-mapa-e-lista-de-entities.aspx<\/a><\/p><p>Mais informa\u00e7\u00f5es no Portal do Consumidor <a href=\"http:\/\/www.consumidor.gov.pt\/\" target=\"_blank\" rel=\"noopener\">www.consumidor.gov.pt<\/a><\/p>\t\t\t\t\t\t\t\t<\/div>\n\t\t\t\t<\/div>\n\t\t\t\t\t<\/div>\n\t\t\t\t<\/div>\n\t\t\t\t<\/div>\n\t\t","protected":false},"excerpt":{"rendered":"<p>Em caso de lit\u00edgio, o consumidor pode recorrer a uma Entidade Alternativa de Resolu\u00e7\u00e3o de Lit\u00edgios de Consumo. Pode consultar<\/p>\n","protected":false},"author":1,"featured_media":0,"parent":0,"menu_order":0,"comment_status":"closed","ping_status":"closed","template":"","meta":{"footnotes":""},"class_list":["post-16241","page","type-page","status-publish","hentry"],"yoast_head":"<!-- This site is optimized with the Yoast SEO plugin v26.4 - https:\/\/yoast.com\/wordpress\/plugins\/seo\/ -->\n<title>Centro de Arbitragem - EduSetPT<\/title>\n<meta name=\"robots\" content=\"index, follow, max-snippet:-1, max-image-preview:large, max-video-preview:-1\" \/>\n<link rel=\"canonical\" href=\"https:\/\/edusetpt.com\/pt-pt\/centro-de-arbitragem\/\" \/>\n<meta property=\"og:locale\" content=\"pt_PT\" \/>\n<meta property=\"og:type\" content=\"article\" \/>\n<meta property=\"og:title\" content=\"Centro de Arbitragem - EduSetPT\" \/>\n<meta property=\"og:description\" content=\"Em caso de lit\u00edgio, o consumidor pode recorrer a uma Entidade Alternativa de Resolu\u00e7\u00e3o de Lit\u00edgios de Consumo. Pode consultar\" \/>\n<meta property=\"og:url\" content=\"https:\/\/edusetpt.com\/pt-pt\/centro-de-arbitragem\/\" \/>\n<meta property=\"og:site_name\" content=\"EduSetPT\" \/>\n<meta property=\"article:modified_time\" content=\"2026-01-16T16:07:14+00:00\" \/>\n<meta property=\"og:image\" content=\"https:\/\/edusetpt.com\/wp-content\/uploads\/2025\/04\/Prancheta-1.png\" \/>\n\t<meta property=\"og:image:width\" content=\"251\" \/>\n\t<meta property=\"og:image:height\" content=\"251\" \/>\n\t<meta property=\"og:image:type\" content=\"image\/png\" \/>\n<meta name=\"twitter:card\" content=\"summary_large_image\" \/>\n<meta name=\"twitter:label1\" content=\"Tempo estimado de leitura\" \/>\n\t<meta name=\"twitter:data1\" content=\"1 minuto\" \/>\n<script type=\"application\/ld+json\" class=\"yoast-schema-graph\">{\"@context\":\"https:\/\/schema.org\",\"@graph\":[{\"@type\":\"WebPage\",\"@id\":\"https:\/\/edusetpt.com\/pt-pt\/centro-de-arbitragem\/\",\"url\":\"https:\/\/edusetpt.com\/pt-pt\/centro-de-arbitragem\/\",\"name\":\"Centro de Arbitragem - EduSetPT\",\"isPartOf\":{\"@id\":\"https:\/\/edusetpt.com\/pt-pt\/#website\"},\"datePublished\":\"2025-05-14T11:01:06+00:00\",\"dateModified\":\"2026-01-16T16:07:14+00:00\",\"breadcrumb\":{\"@id\":\"https:\/\/edusetpt.com\/pt-pt\/centro-de-arbitragem\/#breadcrumb\"},\"inLanguage\":\"pt-PT\",\"potentialAction\":[{\"@type\":\"ReadAction\",\"target\":[\"https:\/\/edusetpt.com\/pt-pt\/centro-de-arbitragem\/\"]}]},{\"@type\":\"BreadcrumbList\",\"@id\":\"https:\/\/edusetpt.com\/pt-pt\/centro-de-arbitragem\/#breadcrumb\",\"itemListElement\":[{\"@type\":\"ListItem\",\"position\":1,\"name\":\"Home\",\"item\":\"https:\/\/edusetpt.com\/pt-pt\/\"},{\"@type\":\"ListItem\",\"position\":2,\"name\":\"Centro de Arbitragem\"}]},{\"@type\":\"WebSite\",\"@id\":\"https:\/\/edusetpt.com\/pt-pt\/#website\",\"url\":\"https:\/\/edusetpt.com\/pt-pt\/\",\"name\":\"EduSetPT\",\"description\":\"Course&#039;s Center\",\"publisher\":{\"@id\":\"https:\/\/edusetpt.com\/pt-pt\/#organization\"},\"potentialAction\":[{\"@type\":\"SearchAction\",\"target\":{\"@type\":\"EntryPoint\",\"urlTemplate\":\"https:\/\/edusetpt.com\/pt-pt\/?s={search_term_string}\"},\"query-input\":{\"@type\":\"PropertyValueSpecification\",\"valueRequired\":true,\"valueName\":\"search_term_string\"}}],\"inLanguage\":\"pt-PT\"},{\"@type\":\"Organization\",\"@id\":\"https:\/\/edusetpt.com\/pt-pt\/#organization\",\"name\":\"EduSetPT\",\"alternateName\":\"Portuguese Language Courses\",\"url\":\"https:\/\/edusetpt.com\/pt-pt\/\",\"logo\":{\"@type\":\"ImageObject\",\"inLanguage\":\"pt-PT\",\"@id\":\"https:\/\/edusetpt.com\/pt-pt\/#\/schema\/logo\/image\/\",\"url\":\"https:\/\/edusetpt.com\/wp-content\/uploads\/2025\/04\/Prancheta-1.png\",\"contentUrl\":\"https:\/\/edusetpt.com\/wp-content\/uploads\/2025\/04\/Prancheta-1.png\",\"width\":251,\"height\":251,\"caption\":\"EduSetPT\"},\"image\":{\"@id\":\"https:\/\/edusetpt.com\/pt-pt\/#\/schema\/logo\/image\/\"}}]}<\/script>\n<!-- \/ Yoast SEO plugin. -->","yoast_head_json":{"title":"Centro de Arbitragem - EduSetPT","robots":{"index":"index","follow":"follow","max-snippet":"max-snippet:-1","max-image-preview":"max-image-preview:large","max-video-preview":"max-video-preview:-1"},"canonical":"https:\/\/edusetpt.com\/pt-pt\/centro-de-arbitragem\/","og_locale":"pt_PT","og_type":"article","og_title":"Centro de Arbitragem - EduSetPT","og_description":"Em caso de lit\u00edgio, o consumidor pode recorrer a uma Entidade Alternativa de Resolu\u00e7\u00e3o de Lit\u00edgios de Consumo. Pode consultar","og_url":"https:\/\/edusetpt.com\/pt-pt\/centro-de-arbitragem\/","og_site_name":"EduSetPT","article_modified_time":"2026-01-16T16:07:14+00:00","og_image":[{"width":251,"height":251,"url":"https:\/\/edusetpt.com\/wp-content\/uploads\/2025\/04\/Prancheta-1.png","type":"image\/png"}],"twitter_card":"summary_large_image","twitter_misc":{"Tempo estimado de leitura":"1 minuto"},"schema":{"@context":"https:\/\/schema.org","@graph":[{"@type":"WebPage","@id":"https:\/\/edusetpt.com\/pt-pt\/centro-de-arbitragem\/","url":"https:\/\/edusetpt.com\/pt-pt\/centro-de-arbitragem\/","name":"Centro de Arbitragem - EduSetPT","isPartOf":{"@id":"https:\/\/edusetpt.com\/pt-pt\/#website"},"datePublished":"2025-05-14T11:01:06+00:00","dateModified":"2026-01-16T16:07:14+00:00","breadcrumb":{"@id":"https:\/\/edusetpt.com\/pt-pt\/centro-de-arbitragem\/#breadcrumb"},"inLanguage":"pt-PT","potentialAction":[{"@type":"ReadAction","target":["https:\/\/edusetpt.com\/pt-pt\/centro-de-arbitragem\/"]}]},{"@type":"BreadcrumbList","@id":"https:\/\/edusetpt.com\/pt-pt\/centro-de-arbitragem\/#breadcrumb","itemListElement":[{"@type":"ListItem","position":1,"name":"Home","item":"https:\/\/edusetpt.com\/pt-pt\/"},{"@type":"ListItem","position":2,"name":"Centro de Arbitragem"}]},{"@type":"WebSite","@id":"https:\/\/edusetpt.com\/pt-pt\/#website","url":"https:\/\/edusetpt.com\/pt-pt\/","name":"EduSetPT","description":"Course&#039;s Center","publisher":{"@id":"https:\/\/edusetpt.com\/pt-pt\/#organization"},"potentialAction":[{"@type":"SearchAction","target":{"@type":"EntryPoint","urlTemplate":"https:\/\/edusetpt.com\/pt-pt\/?s={search_term_string}"},"query-input":{"@type":"PropertyValueSpecification","valueRequired":true,"valueName":"search_term_string"}}],"inLanguage":"pt-PT"},{"@type":"Organization","@id":"https:\/\/edusetpt.com\/pt-pt\/#organization","name":"EduSetPT","alternateName":"Portuguese Language Courses","url":"https:\/\/edusetpt.com\/pt-pt\/","logo":{"@type":"ImageObject","inLanguage":"pt-PT","@id":"https:\/\/edusetpt.com\/pt-pt\/#\/schema\/logo\/image\/","url":"https:\/\/edusetpt.com\/wp-content\/uploads\/2025\/04\/Prancheta-1.png","contentUrl":"https:\/\/edusetpt.com\/wp-content\/uploads\/2025\/04\/Prancheta-1.png","width":251,"height":251,"caption":"EduSetPT"},"image":{"@id":"https:\/\/edusetpt.com\/pt-pt\/#\/schema\/logo\/image\/"}}]}},"_links":{"self":[{"href":"https:\/\/edusetpt.com\/pt-pt\/wp-json\/wp\/v2\/pages\/16241","targetHints":{"allow":["GET"]}}],"collection":[{"href":"https:\/\/edusetpt.com\/pt-pt\/wp-json\/wp\/v2\/pages"}],"about":[{"href":"https:\/\/edusetpt.com\/pt-pt\/wp-json\/wp\/v2\/types\/page"}],"author":[{"embeddable":true,"href":"https:\/\/edusetpt.com\/pt-pt\/wp-json\/wp\/v2\/users\/1"}],"replies":[{"embeddable":true,"href":"https:\/\/edusetpt.com\/pt-pt\/wp-json\/wp\/v2\/comments?post=16241"}],"version-history":[{"count":7,"href":"https:\/\/edusetpt.com\/pt-pt\/wp-json\/wp\/v2\/pages\/16241\/revisions"}],"predecessor-version":[{"id":16248,"href":"https:\/\/edusetpt.com\/pt-pt\/wp-json\/wp\/v2\/pages\/16241\/revisions\/16248"}],"wp:attachment":[{"href":"https:\/\/edusetpt.com\/pt-pt\/wp-json\/wp\/v2\/media?parent=16241"}],"curies":[{"name":"wp","href":"https:\/\/api.w.org\/{rel}","templated":true}]}}